{"id":2868,"date":"2025-10-30T10:35:49","date_gmt":"2025-10-30T10:35:49","guid":{"rendered":"https:\/\/kapak.es\/?page_id=2868"},"modified":"2025-11-01T18:28:17","modified_gmt":"2025-11-01T18:28:17","slug":"proyectos-eu","status":"publish","type":"page","link":"https:\/\/kapak.es\/en\/proyectos-eu\/","title":{"rendered":"EU Projects"},"content":{"rendered":"<div data-elementor-type=\"wp-page\" data-elementor-id=\"2868\" class=\"elementor elementor-2868\">\n\t\t\t\t<div class=\"elementor-element elementor-element-4e804042 e-flex e-con-boxed e-con e-parent\" data-id=\"4e804042\" data-element_type=\"container\" data-e-type=\"container\" data-settings=\"{&quot;background_background&quot;:&quot;gradient&quot;}\">\n\t\t\t\t\t<div class=\"e-con-inner\">\n\t\t<div class=\"elementor-element elementor-element-455baeec e-con-full e-flex elementor-invisible e-con e-child\" data-id=\"455baeec\" data-element_type=\"container\" data-e-type=\"container\" data-settings=\"{&quot;animation&quot;:&quot;fadeInDown&quot;}\">\n\t\t<div class=\"elementor-element elementor-element-6616d408 e-con-full e-flex e-con e-child\" data-id=\"6616d408\" data-element_type=\"container\" data-e-type=\"container\">\n\t\t\t\t<div class=\"elementor-element elementor-element-55a70f69 elementor-widget elementor-widget-heading\" data-id=\"55a70f69\" data-element_type=\"widget\" data-e-type=\"widget\" data-widget_type=\"heading.default\">\n\t\t\t\t<div class=\"elementor-widget-container\">\n\t\t\t\t\t<h1 class=\"elementor-heading-title elementor-size-default\">EU Projects<\/h1>\t\t\t\t<\/div>\n\t\t\t\t<\/div>\n\t\t\t\t<div class=\"elementor-element elementor-element-27d22546 elementor-widget elementor-widget-text-editor\" data-id=\"27d22546\" data-element_type=\"widget\" data-e-type=\"widget\" data-widget_type=\"text-editor.default\">\n\t\t\t\t<div class=\"elementor-widget-container\">\n\t\t\t\t\t\t\t\t\t<p><span style=\"color: #ffffff;\">with <\/span>KAPAK<\/p>\t\t\t\t\t\t\t\t<\/div>\n\t\t\t\t<\/div>\n\t\t\t\t<div class=\"elementor-element elementor-element-386607be elementor-widget elementor-widget-text-editor\" data-id=\"386607be\" data-element_type=\"widget\" data-e-type=\"widget\" data-widget_type=\"text-editor.default\">\n\t\t\t\t<div class=\"elementor-widget-container\">\n\t\t\t\t\t\t\t\t\t<p class=\"translation-block\">At Kapak, we collaborate as a <b>specialized partner in communication, dissemination, and exploitation<\/b> of results within <b>European projects<\/b>.<\/p><p class=\"translation-block\">We are responsible for designing the communication strategy, managing the project\u2019s dissemination, and maximizing its impact at both national and international levels, with <b>experience<\/b> in <b>PRIMA<\/b> and <b>Interreg Europe<\/b> projects. From visual identity to the management of social media, websites, events, and content, we help ensure that <b>each project connects with its audience<\/b> and achieves its objectives.<\/p><p class=\"translation-block\">We are eager to continue <b>complementing initiatives<\/b> and giving them the <b>visibility<\/b> they deserve.<\/p>\t\t\t\t\t\t\t\t<\/div>\n\t\t\t\t<\/div>\n\t\t\t\t<\/div>\n\t\t\t\t<div class=\"elementor-element elementor-element-60dabe2 elementor-widget__width-initial elementor-hidden-mobile elementor-widget elementor-widget-image\" data-id=\"60dabe2\" data-element_type=\"widget\" data-e-type=\"widget\" data-widget_type=\"image.default\">\n\t\t\t\t<div class=\"elementor-widget-container\">\n\t\t\t\t\t\t\t\t\t\t\t\t\t\t\t<img fetchpriority=\"high\" decoding=\"async\" width=\"500\" height=\"500\" src=\"https:\/\/kapak.es\/wp-content\/uploads\/2025\/10\/Diseno-sin-titulo.gif\" class=\"attachment-full size-full wp-image-2278\" alt=\"\" \/>\t\t\t\t\t\t\t\t\t\t\t\t\t\t\t<\/div>\n\t\t\t\t<\/div>\n\t\t\t\t<\/div>\n\t\t<div class=\"elementor-element elementor-element-170dcec1 e-con-full e-flex elementor-invisible e-con e-child\" data-id=\"170dcec1\" data-element_type=\"container\" data-e-type=\"container\" data-settings=\"{&quot;animation&quot;:&quot;fadeInRight&quot;}\">\n\t\t<div class=\"elementor-element elementor-element-1137f83f e-con-full e-flex e-con e-child\" data-id=\"1137f83f\" data-element_type=\"container\" data-e-type=\"container\">\n\t\t\t\t<div class=\"elementor-element elementor-element-15c6e1b9 elementor-widget__width-initial elementor-widget elementor-widget-image\" data-id=\"15c6e1b9\" data-element_type=\"widget\" data-e-type=\"widget\" data-widget_type=\"image.default\">\n\t\t\t\t<div class=\"elementor-widget-container\">\n\t\t\t\t\t\t\t\t\t\t\t\t\t\t\t<img decoding=\"async\" width=\"424\" height=\"424\" src=\"https:\/\/kapak.es\/wp-content\/uploads\/2025\/10\/Logo-Fusion-9.png\" class=\"attachment-large size-large wp-image-2586\" alt=\"\" srcset=\"https:\/\/kapak.es\/wp-content\/uploads\/2025\/10\/Logo-Fusion-9.png 424w, https:\/\/kapak.es\/wp-content\/uploads\/2025\/10\/Logo-Fusion-9-300x300.png 300w, https:\/\/kapak.es\/wp-content\/uploads\/2025\/10\/Logo-Fusion-9-150x150.png 150w, https:\/\/kapak.es\/wp-content\/uploads\/2025\/10\/Logo-Fusion-9-12x12.png 12w\" sizes=\"(max-width: 424px) 100vw, 424px\" \/>\t\t\t\t\t\t\t\t\t\t\t\t\t\t\t<\/div>\n\t\t\t\t<\/div>\n\t\t\t\t<div class=\"elementor-element elementor-element-2b38ca4b elementor-widget elementor-widget-image\" data-id=\"2b38ca4b\" data-element_type=\"widget\" data-e-type=\"widget\" data-widget_type=\"image.default\">\n\t\t\t\t<div class=\"elementor-widget-container\">\n\t\t\t\t\t\t\t\t\t\t\t\t\t\t\t<img decoding=\"async\" width=\"607\" height=\"163\" src=\"https:\/\/kapak.es\/wp-content\/uploads\/2025\/10\/Letras-logo-fusion-1.png\" class=\"attachment-large size-large wp-image-2857\" alt=\"\" srcset=\"https:\/\/kapak.es\/wp-content\/uploads\/2025\/10\/Letras-logo-fusion-1.png 607w, https:\/\/kapak.es\/wp-content\/uploads\/2025\/10\/Letras-logo-fusion-1-300x81.png 300w, https:\/\/kapak.es\/wp-content\/uploads\/2025\/10\/Letras-logo-fusion-1-18x5.png 18w\" sizes=\"(max-width: 607px) 100vw, 607px\" \/>\t\t\t\t\t\t\t\t\t\t\t\t\t\t\t<\/div>\n\t\t\t\t<\/div>\n\t\t\t\t<div class=\"elementor-element elementor-element-46c24036 elementor-widget elementor-widget-image\" data-id=\"46c24036\" data-element_type=\"widget\" data-e-type=\"widget\" data-widget_type=\"image.default\">\n\t\t\t\t<div class=\"elementor-widget-container\">\n\t\t\t\t\t\t\t\t\t\t\t\t\t\t\t<img loading=\"lazy\" decoding=\"async\" width=\"1024\" height=\"138\" src=\"https:\/\/kapak.es\/wp-content\/uploads\/2025\/10\/Imagen1-1024x138.png\" class=\"attachment-large size-large wp-image-2855\" alt=\"\" srcset=\"https:\/\/kapak.es\/wp-content\/uploads\/2025\/10\/Imagen1-1024x138.png 1024w, https:\/\/kapak.es\/wp-content\/uploads\/2025\/10\/Imagen1-300x40.png 300w, https:\/\/kapak.es\/wp-content\/uploads\/2025\/10\/Imagen1-768x103.png 768w, https:\/\/kapak.es\/wp-content\/uploads\/2025\/10\/Imagen1-1536x206.png 1536w, https:\/\/kapak.es\/wp-content\/uploads\/2025\/10\/Imagen1-18x2.png 18w, https:\/\/kapak.es\/wp-content\/uploads\/2025\/10\/Imagen1.png 1592w\" sizes=\"(max-width: 1024px) 100vw, 1024px\" \/>\t\t\t\t\t\t\t\t\t\t\t\t\t\t\t<\/div>\n\t\t\t\t<\/div>\n\t\t\t\t<\/div>\n\t\t<div class=\"elementor-element elementor-element-3a089f3e e-con-full e-flex e-con e-child\" data-id=\"3a089f3e\" data-element_type=\"container\" data-e-type=\"container\">\n\t\t\t\t<div class=\"elementor-element elementor-element-4a93bbbb elementor-widget__width-inherit elementor-widget-mobile__width-initial elementor-widget elementor-widget-heading\" data-id=\"4a93bbbb\" data-element_type=\"widget\" data-e-type=\"widget\" data-widget_type=\"heading.default\">\n\t\t\t\t<div class=\"elementor-widget-container\">\n\t\t\t\t\t<h2 class=\"elementor-heading-title elementor-size-default\">FUSION<\/h2>\t\t\t\t<\/div>\n\t\t\t\t<\/div>\n\t\t\t\t<div class=\"elementor-element elementor-element-754ec9bd elementor-widget elementor-widget-text-editor\" data-id=\"754ec9bd\" data-element_type=\"widget\" data-e-type=\"widget\" data-widget_type=\"text-editor.default\">\n\t\t\t\t<div class=\"elementor-widget-container\">\n\t\t\t\t\t\t\t\t\t<p><b>From waste to value. From field to future.<\/b><\/p><p>FUSION is a EU-funded project tackling food loss and waste across the Mediterranean by fusing science, technology, and community action. Through smart preservation systems, AI-driven monitoring tools, and sustainable food revalorization strategies, FUSION empowers smallholders and stakeholders to reshape the food value chain.<\/p>\t\t\t\t\t\t\t\t<\/div>\n\t\t\t\t<\/div>\n\t\t\t\t<div class=\"elementor-element elementor-element-1803ba7d boton-contacto negro elementor-mobile-align-center elementor-align-center elementor-widget__width-initial elementor-widget elementor-widget-button\" data-id=\"1803ba7d\" data-element_type=\"widget\" data-e-type=\"widget\" data-widget_type=\"button.default\">\n\t\t\t\t<div class=\"elementor-widget-container\">\n\t\t\t\t\t\t\t\t\t<div class=\"elementor-button-wrapper\">\n\t\t\t\t\t<a class=\"elementor-button elementor-button-link elementor-size-sm\" href=\"https:\/\/linktr.ee\/project_fusion\" target=\"_blank\">\n\t\t\t\t\t\t<span class=\"elementor-button-content-wrapper\">\n\t\t\t\t\t\t\t\t\t<span class=\"elementor-button-text\"><span class=\"left\"><\/span>   <span>Follow the project<\/span>   <span class=\"right\"><\/span><\/span>\n\t\t\t\t\t<\/span>\n\t\t\t\t\t<\/a>\n\t\t\t\t<\/div>\n\t\t\t\t\t\t\t\t<\/div>\n\t\t\t\t<\/div>\n\t\t\t\t<\/div>\n\t\t\t\t<\/div>\n\t\t<div class=\"elementor-element elementor-element-7c0a4b5f e-con-full e-flex elementor-invisible e-con e-child\" data-id=\"7c0a4b5f\" data-element_type=\"container\" data-e-type=\"container\" data-settings=\"{&quot;animation&quot;:&quot;fadeInLeft&quot;}\">\n\t\t<div class=\"elementor-element elementor-element-69c0396c e-con-full e-flex e-con e-child\" data-id=\"69c0396c\" data-element_type=\"container\" data-e-type=\"container\">\n\t\t\t\t<div class=\"elementor-element elementor-element-2b958dd7 elementor-widget__width-inherit elementor-widget-mobile__width-initial elementor-widget elementor-widget-heading\" data-id=\"2b958dd7\" data-element_type=\"widget\" data-e-type=\"widget\" data-widget_type=\"heading.default\">\n\t\t\t\t<div class=\"elementor-widget-container\">\n\t\t\t\t\t<h2 class=\"elementor-heading-title elementor-size-default\">SUSTAQUA<\/h2>\t\t\t\t<\/div>\n\t\t\t\t<\/div>\n\t\t\t\t<div class=\"elementor-element elementor-element-2f6a95db elementor-widget elementor-widget-text-editor\" data-id=\"2f6a95db\" data-element_type=\"widget\" data-e-type=\"widget\" data-widget_type=\"text-editor.default\">\n\t\t\t\t<div class=\"elementor-widget-container\">\n\t\t\t\t\t\t\t\t\t<p><b>Improve policies to reduce energy consumption &amp; make water resources more accessible, efficient &amp; sustainable.<\/b><\/p><p>SUSTAQUA promotes more sustainable water management across Europe by fostering knowledge exchange among public authorities to prioritize the use of reclaimed and rainwater over conventional sources. The project enhances water planning policies, assesses the carbon footprint, and promotes innovative solutions such as smart irrigation, water reuse, and the integration of renewable energies, boosting efficiency in agriculture, industry, and domestic use.<\/p>\t\t\t\t\t\t\t\t<\/div>\n\t\t\t\t<\/div>\n\t\t\t\t<div class=\"elementor-element elementor-element-2de3d803 boton-contacto rojo elementor-mobile-align-center elementor-align-center elementor-widget__width-initial elementor-widget elementor-widget-button\" data-id=\"2de3d803\" data-element_type=\"widget\" data-e-type=\"widget\" data-widget_type=\"button.default\">\n\t\t\t\t<div class=\"elementor-widget-container\">\n\t\t\t\t\t\t\t\t\t<div class=\"elementor-button-wrapper\">\n\t\t\t\t\t<a class=\"elementor-button elementor-button-link elementor-size-sm\" href=\"https:\/\/linktr.ee\/sustaqua\" target=\"_blank\">\n\t\t\t\t\t\t<span class=\"elementor-button-content-wrapper\">\n\t\t\t\t\t\t\t\t\t<span class=\"elementor-button-text\"><span class=\"left\"><\/span>   <span>Follow the project<\/span>   <span class=\"right\"><\/span><\/span>\n\t\t\t\t\t<\/span>\n\t\t\t\t\t<\/a>\n\t\t\t\t<\/div>\n\t\t\t\t\t\t\t\t<\/div>\n\t\t\t\t<\/div>\n\t\t\t\t<\/div>\n\t\t\t\t<div class=\"elementor-element elementor-element-148bf821 elementor-widget__width-initial elementor-widget elementor-widget-image\" data-id=\"148bf821\" data-element_type=\"widget\" data-e-type=\"widget\" data-widget_type=\"image.default\">\n\t\t\t\t<div class=\"elementor-widget-container\">\n\t\t\t\t\t\t\t\t\t\t\t\t\t\t\t<img loading=\"lazy\" decoding=\"async\" width=\"1024\" height=\"368\" src=\"https:\/\/kapak.es\/wp-content\/uploads\/2025\/10\/SUSTAQUA_Logo-1024x368.png\" class=\"attachment-large size-large wp-image-2585\" alt=\"\" srcset=\"https:\/\/kapak.es\/wp-content\/uploads\/2025\/10\/SUSTAQUA_Logo-1024x368.png 1024w, https:\/\/kapak.es\/wp-content\/uploads\/2025\/10\/SUSTAQUA_Logo-300x108.png 300w, https:\/\/kapak.es\/wp-content\/uploads\/2025\/10\/SUSTAQUA_Logo-768x276.png 768w, https:\/\/kapak.es\/wp-content\/uploads\/2025\/10\/SUSTAQUA_Logo-1536x551.png 1536w, https:\/\/kapak.es\/wp-content\/uploads\/2025\/10\/SUSTAQUA_Logo-2048x735.png 2048w, https:\/\/kapak.es\/wp-content\/uploads\/2025\/10\/SUSTAQUA_Logo-18x6.png 18w\" sizes=\"(max-width: 1024px) 100vw, 1024px\" \/>\t\t\t\t\t\t\t\t\t\t\t\t\t\t\t<\/div>\n\t\t\t\t<\/div>\n\t\t\t\t<\/div>\n\t\t<div class=\"elementor-element elementor-element-1930ee61 e-con-full e-flex e-con e-child\" data-id=\"1930ee61\" data-element_type=\"container\" data-e-type=\"container\" data-settings=\"{&quot;background_background&quot;:&quot;gradient&quot;}\">\n\t\t<div class=\"elementor-element elementor-element-7bd0fd05 e-con-full e-flex e-con e-child\" data-id=\"7bd0fd05\" data-element_type=\"container\" data-e-type=\"container\">\n\t\t\t\t<div class=\"elementor-element elementor-element-3199607c elementor-widget elementor-widget-heading\" data-id=\"3199607c\" data-element_type=\"widget\" data-e-type=\"widget\" data-widget_type=\"heading.default\">\n\t\t\t\t<div class=\"elementor-widget-container\">\n\t\t\t\t\t<h2 class=\"elementor-heading-title elementor-size-default\">Communication partner<\/h2>\t\t\t\t<\/div>\n\t\t\t\t<\/div>\n\t\t\t\t<div class=\"elementor-element elementor-element-73753bbe elementor-widget elementor-widget-text-editor\" data-id=\"73753bbe\" data-element_type=\"widget\" data-e-type=\"widget\" data-widget_type=\"text-editor.default\">\n\t\t\t\t<div class=\"elementor-widget-container\">\n\t\t\t\t\t\t\t\t\t<ul><li>Enter your contact details<\/li><li>Tell us about the initiative<\/li><li>We\u2019ll get in touch with you<\/li><\/ul>\t\t\t\t\t\t\t\t<\/div>\n\t\t\t\t<\/div>\n\t\t\t\t<\/div>\n\t\t\t\t<div class=\"elementor-element elementor-element-297df9fc eael-contact-form-7-button-align-center eael-contact-form-7-button-custom elementor-widget elementor-widget-eael-contact-form-7\" data-id=\"297df9fc\" data-element_type=\"widget\" data-e-type=\"widget\" data-widget_type=\"eael-contact-form-7.default\">\n\t\t\t\t<div class=\"elementor-widget-container\">\n\t\t\t\t\t<div class=\"eael-contact-form-7-wrapper\">\n                <div class=\"eael-contact-form eael-contact-form-7 eael-contact-form-297df9fc placeholder-show eael-contact-form-align-default\">\n<div class=\"wpcf7 no-js\" id=\"wpcf7-f2866-o1\" lang=\"es-ES\" dir=\"ltr\" data-wpcf7-id=\"2866\">\n<div class=\"screen-reader-response\"><p role=\"status\" aria-live=\"polite\" aria-atomic=\"true\"><\/p> <ul><\/ul><\/div>\n<form action=\"\/en\/wp-json\/wp\/v2\/pages\/2868#wpcf7-f2866-o1\" method=\"post\" class=\"wpcf7-form init\" aria-label=\"Formulario de contacto\" novalidate=\"novalidate\" data-status=\"init\" data-trp-original-action=\"\/en\/wp-json\/wp\/v2\/pages\/2868#wpcf7-f2866-o1\">\n<fieldset class=\"hidden-fields-container\"><input type=\"hidden\" name=\"_wpcf7\" value=\"2866\" \/><input type=\"hidden\" name=\"_wpcf7_version\" value=\"6.1.5\" \/><input type=\"hidden\" name=\"_wpcf7_locale\" value=\"es_ES\" \/><input type=\"hidden\" name=\"_wpcf7_unit_tag\" value=\"wpcf7-f2866-o1\" \/><input type=\"hidden\" name=\"_wpcf7_container_post\" value=\"0\" \/><input type=\"hidden\" name=\"_wpcf7_posted_data_hash\" value=\"\" \/>\n<\/fieldset>\n<div class=\"row-container\">\n\t<div class=\"izq\">\n\t\t<p><label style=\"font-weight: bold;\"> Organization <span>*<\/span><br \/>\n<span class=\"wpcf7-form-control-wrap\" data-name=\"nombre\"><input size=\"40\" maxlength=\"400\" class=\"wpcf7-form-control wpcf7-text wpcf7-validates-as-required\" autocomplete=\"name\" aria-required=\"true\" aria-invalid=\"false\" placeholder=\"Where are you contacting us from?\" value=\"\" type=\"text\" name=\"nombre\" \/><\/span> <\/label>\n\t\t<\/p>\n\t<\/div>\n\t<div class=\"drch\">\n\t\t<p><label style=\"font-weight: bold;\"> Email <span>*<\/span><br \/>\n<span class=\"wpcf7-form-control-wrap\" data-name=\"correo\"><input size=\"40\" maxlength=\"400\" class=\"wpcf7-form-control wpcf7-email wpcf7-validates-as-required wpcf7-text wpcf7-validates-as-email\" autocomplete=\"name\" aria-required=\"true\" aria-invalid=\"false\" placeholder=\"Where should we contact you?\" value=\"\" type=\"email\" name=\"correo\" \/><\/span> <\/label>\n\t\t<\/p>\n\t<\/div>\n<\/div>\n<p><label style=\"font-weight: bold;\"> Project type \/ Programme <span>*<\/span><br \/>\n<span class=\"wpcf7-form-control-wrap\" data-name=\"programa\"><input size=\"40\" maxlength=\"400\" class=\"wpcf7-form-control wpcf7-text wpcf7-validates-as-required\" aria-required=\"true\" aria-invalid=\"false\" placeholder=\"Horizon, Interreg, Prima, etc.\" value=\"\" type=\"text\" name=\"programa\" \/><\/span> <\/label>\n<\/p>\n<p><label style=\"font-weight: bold;\"> Description <span>*<\/span><br \/>\n<span class=\"wpcf7-form-control-wrap\" data-name=\"descripcion\"><textarea cols=\"40\" rows=\"10\" maxlength=\"2000\" class=\"wpcf7-form-control wpcf7-textarea wpcf7-validates-as-required\" aria-required=\"true\" aria-invalid=\"false\" placeholder=\"Tell us about the project initiative.\" name=\"descripcion\"><\/textarea><\/span> <\/label>\n<\/p>\n<p><label style=\"font-family: Helvetica, sans-serif; font-size: 0.8em;\"><br \/>\n<span class=\"wpcf7-form-control-wrap\" data-name=\"privacidad\"><span class=\"wpcf7-form-control wpcf7-acceptance\"><span class=\"wpcf7-list-item\"><label><input type=\"checkbox\" name=\"privacidad\" value=\"1\" aria-invalid=\"false\" \/><span class=\"wpcf7-list-item-label\">I agree to the \n    <a href=\"https:\/\/kapak.es\/en\/politica-privacidad\/\" target=\"_blank\" style=\"font-weight: bold; text-decoration: underline;\">privacy policy<\/a>.<\/span><\/label><\/span><\/span><\/span><br \/>\n<\/label>\n<\/p>\n<p><input class=\"wpcf7-form-control wpcf7-submit has-spinner\" type=\"submit\" value=\"Explore collaboration\" \/>\n<\/p><div class=\"wpcf7-response-output\" aria-hidden=\"true\"><\/div>\n<input type=\"hidden\" name=\"trp-form-language\" value=\"en\"\/><\/form>\n<\/div>\n<\/div>\n            <\/div>\t\t\t\t<\/div>\n\t\t\t\t<\/div>\n\t\t\t\t<\/div>\n\t\t\t\t\t<\/div>\n\t\t\t\t<\/div>\n\t\t\t\t<\/div>","protected":false},"excerpt":{"rendered":"<p>Proyectos EU with KAPAK En Kapak, colaboramos como partner especializado en comunicaci\u00f3n, difusi\u00f3n y explotaci\u00f3n de resultados dentro de proyectos europeos. Nos encargamos de dise\u00f1ar la estrategia de comunicaci\u00f3n, gestionar la difusi\u00f3n del proyecto y maximizar su impacto a nivel nacional e internacional, teniendo experiencia en proyectos Prima e Interreg Europe. Desde la identidad visual [&hellip;]<\/p>\n","protected":false},"author":1,"featured_media":0,"parent":0,"menu_order":0,"comment_status":"closed","ping_status":"closed","template":"elementor_header_footer","meta":{"footnotes":""},"class_list":["post-2868","page","type-page","status-publish","hentry"],"_links":{"self":[{"href":"https:\/\/kapak.es\/en\/wp-json\/wp\/v2\/pages\/2868","targetHints":{"allow":["GET"]}}],"collection":[{"href":"https:\/\/kapak.es\/en\/wp-json\/wp\/v2\/pages"}],"about":[{"href":"https:\/\/kapak.es\/en\/wp-json\/wp\/v2\/types\/page"}],"author":[{"embeddable":true,"href":"https:\/\/kapak.es\/en\/wp-json\/wp\/v2\/users\/1"}],"replies":[{"embeddable":true,"href":"https:\/\/kapak.es\/en\/wp-json\/wp\/v2\/comments?post=2868"}],"version-history":[{"count":27,"href":"https:\/\/kapak.es\/en\/wp-json\/wp\/v2\/pages\/2868\/revisions"}],"predecessor-version":[{"id":3169,"href":"https:\/\/kapak.es\/en\/wp-json\/wp\/v2\/pages\/2868\/revisions\/3169"}],"wp:attachment":[{"href":"https:\/\/kapak.es\/en\/wp-json\/wp\/v2\/media?parent=2868"}],"curies":[{"name":"wp","href":"https:\/\/api.w.org\/{rel}","templated":true}]}}