{"id":2806,"date":"2025-10-30T10:36:14","date_gmt":"2025-10-30T10:36:14","guid":{"rendered":"https:\/\/kapak.es\/?page_id=2806"},"modified":"2025-10-30T10:36:14","modified_gmt":"2025-10-30T10:36:14","slug":"politica-privacidad","status":"publish","type":"page","link":"https:\/\/kapak.es\/en\/politica-privacidad\/","title":{"rendered":"Politica de privacidad"},"content":{"rendered":"<div data-elementor-type=\"wp-page\" data-elementor-id=\"2806\" class=\"elementor elementor-2806\">\n\t\t\t\t\t\t<section class=\"elementor-section elementor-top-section elementor-element elementor-element-3307466 elementor-section-stretched elementor-section-height-min-height elementor-section-items-top elementor-section-boxed elementor-section-height-default\" data-id=\"3307466\" data-element_type=\"section\" data-e-type=\"section\" data-settings=\"{&quot;background_background&quot;:&quot;gradient&quot;,&quot;stretch_section&quot;:&quot;section-stretched&quot;}\">\n\t\t\t\t\t\t\t<div class=\"elementor-background-overlay\"><\/div>\n\t\t\t\t\t\t\t<div class=\"elementor-container elementor-column-gap-default\">\n\t\t\t\t\t<div class=\"elementor-column elementor-col-100 elementor-top-column elementor-element elementor-element-277ea00e\" data-id=\"277ea00e\" data-element_type=\"column\" data-e-type=\"column\">\n\t\t\t<div class=\"elementor-widget-wrap elementor-element-populated\">\n\t\t\t\t<div class=\"elementor-element elementor-element-17ca3149 e-flex e-con-boxed e-con e-parent\" data-id=\"17ca3149\" data-element_type=\"container\" data-e-type=\"container\" data-settings=\"{&quot;background_background&quot;:&quot;classic&quot;}\">\n\t\t\t\t\t<div class=\"e-con-inner\">\n\t\t\t\t<div class=\"elementor-element elementor-element-514f2f9f elementor-widget elementor-widget-heading\" data-id=\"514f2f9f\" data-element_type=\"widget\" data-e-type=\"widget\" data-widget_type=\"heading.default\">\n\t\t\t\t<div class=\"elementor-widget-container\">\n\t\t\t\t\t<h1 class=\"elementor-heading-title elementor-size-default\">Privacy policy<\/h1>\t\t\t\t<\/div>\n\t\t\t\t<\/div>\n\t\t\t\t<div class=\"elementor-element elementor-element-11ed86c3 elementor-widget elementor-widget-text-editor\" data-id=\"11ed86c3\" data-element_type=\"widget\" data-e-type=\"widget\" data-widget_type=\"text-editor.default\">\n\t\t\t\t<div class=\"elementor-widget-container\">\n\t\t\t\t\t\t\t\t\t<p data-pm-slice=\"1 1 []\">At <strong>KAPAK<\/strong>, we take the privacy of our users very seriously. This Privacy Policy explains how we collect, use and protect the personal information you provide to us through our contact form.<\/p>\t\t\t\t\t\t\t\t<\/div>\n\t\t\t\t<\/div>\n\t\t\t\t\t<\/div>\n\t\t\t\t<\/div>\n\t\t\t\t<div class=\"elementor-element elementor-element-2584fd20 elementor-tabs-view-vertical elementor-tabs-alignment-center elementor-widget elementor-widget-tabs\" data-id=\"2584fd20\" data-element_type=\"widget\" data-e-type=\"widget\" data-widget_type=\"tabs.default\">\n\t\t\t\t<div class=\"elementor-widget-container\">\n\t\t\t\t\t\t\t<div class=\"elementor-tabs\">\n\t\t\t<div class=\"elementor-tabs-wrapper\" role=\"tablist\" >\n\t\t\t\t\t\t\t\t\t<div id=\"elementor-tab-title-6291\" class=\"elementor-tab-title elementor-tab-desktop-title\" aria-selected=\"true\" data-tab=\"1\" role=\"tab\" tabindex=\"0\" aria-controls=\"elementor-tab-content-6291\" aria-expanded=\"false\">Information we collect<\/div>\n\t\t\t\t\t\t\t\t\t<div id=\"elementor-tab-title-6292\" class=\"elementor-tab-title elementor-tab-desktop-title\" aria-selected=\"false\" data-tab=\"2\" role=\"tab\" tabindex=\"-1\" aria-controls=\"elementor-tab-content-6292\" aria-expanded=\"false\">Use of information<\/div>\n\t\t\t\t\t\t\t\t\t<div id=\"elementor-tab-title-6293\" class=\"elementor-tab-title elementor-tab-desktop-title\" aria-selected=\"false\" data-tab=\"3\" role=\"tab\" tabindex=\"-1\" aria-controls=\"elementor-tab-content-6293\" aria-expanded=\"false\">Information sharing<\/div>\n\t\t\t\t\t\t\t\t\t<div id=\"elementor-tab-title-6294\" class=\"elementor-tab-title elementor-tab-desktop-title\" aria-selected=\"false\" data-tab=\"4\" role=\"tab\" tabindex=\"-1\" aria-controls=\"elementor-tab-content-6294\" aria-expanded=\"false\">Your rights<\/div>\n\t\t\t\t\t\t\t\t\t<div id=\"elementor-tab-title-6295\" class=\"elementor-tab-title elementor-tab-desktop-title\" aria-selected=\"false\" data-tab=\"5\" role=\"tab\" tabindex=\"-1\" aria-controls=\"elementor-tab-content-6295\" aria-expanded=\"false\">Changes to this policy<\/div>\n\t\t\t\t\t\t\t<\/div>\n\t\t\t<div class=\"elementor-tabs-content-wrapper\" role=\"tablist\" aria-orientation=\"vertical\">\n\t\t\t\t\t\t\t\t\t<div class=\"elementor-tab-title elementor-tab-mobile-title\" aria-selected=\"true\" data-tab=\"1\" role=\"tab\" tabindex=\"0\" aria-controls=\"elementor-tab-content-6291\" aria-expanded=\"false\">Information we collect<\/div>\n\t\t\t\t\t<div id=\"elementor-tab-content-6291\" class=\"elementor-tab-content elementor-clearfix\" data-tab=\"1\" role=\"tabpanel\" aria-labelledby=\"elementor-tab-title-6291\" tabindex=\"0\" hidden=\"false\"><p data-pm-slice=\"1 3 []\">By completing our contact form, we may collect the following personal information:<\/p><ul><li data-pm-slice=\"1 3 []\">Name<\/li><li><p>E-mail address<\/p><\/li><li><p>Telephone number (optional)<\/p><\/li><li><p>Any other information you choose to provide us with in your message<\/p><\/li><\/ul><\/div>\n\t\t\t\t\t\t\t\t\t<div class=\"elementor-tab-title elementor-tab-mobile-title\" aria-selected=\"false\" data-tab=\"2\" role=\"tab\" tabindex=\"-1\" aria-controls=\"elementor-tab-content-6292\" aria-expanded=\"false\">Use of information<\/div>\n\t\t\t\t\t<div id=\"elementor-tab-content-6292\" class=\"elementor-tab-content elementor-clearfix\" data-tab=\"2\" role=\"tabpanel\" aria-labelledby=\"elementor-tab-title-6292\" tabindex=\"0\" hidden=\"hidden\"><p data-pm-slice=\"1 3 []\">We use the information collected for the following purposes:<\/p><ul data-spread=\"false\"><li><p>Respond to your queries or requests<\/p><\/li><li><p>Provide you with additional assistance or information<\/p><\/li><li><p>Improving our services and customer care<\/p><\/li><\/ul><\/div>\n\t\t\t\t\t\t\t\t\t<div class=\"elementor-tab-title elementor-tab-mobile-title\" aria-selected=\"false\" data-tab=\"3\" role=\"tab\" tabindex=\"-1\" aria-controls=\"elementor-tab-content-6293\" aria-expanded=\"false\">Information sharing<\/div>\n\t\t\t\t\t<div id=\"elementor-tab-content-6293\" class=\"elementor-tab-content elementor-clearfix\" data-tab=\"3\" role=\"tabpanel\" aria-labelledby=\"elementor-tab-title-6293\" tabindex=\"0\" hidden=\"hidden\"><p data-pm-slice=\"1 3 []\">We do not share your personal information with third parties, except in the following cases:<\/p><ul data-spread=\"false\"><li><p>Where necessary to comply with a legal obligation<\/p><\/li><li><p>If we have your explicit consent<\/p><\/li><\/ul><\/div>\n\t\t\t\t\t\t\t\t\t<div class=\"elementor-tab-title elementor-tab-mobile-title\" aria-selected=\"false\" data-tab=\"4\" role=\"tab\" tabindex=\"-1\" aria-controls=\"elementor-tab-content-6294\" aria-expanded=\"false\">Your rights<\/div>\n\t\t\t\t\t<div id=\"elementor-tab-content-6294\" class=\"elementor-tab-content elementor-clearfix\" data-tab=\"4\" role=\"tabpanel\" aria-labelledby=\"elementor-tab-title-6294\" tabindex=\"0\" hidden=\"hidden\"><p data-pm-slice=\"1 1 []\">You have the right to:<\/p><ul data-spread=\"false\"><li><p>Rectify or delete your personal information<\/p><\/li><li><p>Withdrawing your consent to the use of your data<\/p><\/li><\/ul><p>To exercise these rights, you can contact us at <span style=\"text-decoration: underline;\"><a href=\"mailto:desistimiento@kapak.es\">desistimiento@kapak.es<\/a><\/span>.<\/p><\/div>\n\t\t\t\t\t\t\t\t\t<div class=\"elementor-tab-title elementor-tab-mobile-title\" aria-selected=\"false\" data-tab=\"5\" role=\"tab\" tabindex=\"-1\" aria-controls=\"elementor-tab-content-6295\" aria-expanded=\"false\">Changes to this policy<\/div>\n\t\t\t\t\t<div id=\"elementor-tab-content-6295\" class=\"elementor-tab-content elementor-clearfix\" data-tab=\"5\" role=\"tabpanel\" aria-labelledby=\"elementor-tab-title-6295\" tabindex=\"0\" hidden=\"hidden\"><p data-pm-slice=\"1 1 []\">We reserve the right to modify this Privacy Policy at any time. Any changes will be posted on this page and, if significant, we will notify you by the means available to us.<\/p><\/div>\n\t\t\t\t\t\t\t<\/div>\n\t\t<\/div>\n\t\t\t\t\t\t<\/div>\n\t\t\t\t<\/div>\n\t\t<div class=\"elementor-element elementor-element-6c3a401d e-grid e-con-boxed e-con e-parent\" data-id=\"6c3a401d\" data-element_type=\"container\" data-e-type=\"container\" data-settings=\"{&quot;background_background&quot;:&quot;classic&quot;}\">\n\t\t\t\t\t<div class=\"e-con-inner\">\n\t\t\t\t<div class=\"elementor-element elementor-element-5a1b17af elementor-widget elementor-widget-text-editor\" data-id=\"5a1b17af\" data-element_type=\"widget\" data-e-type=\"widget\" data-widget_type=\"text-editor.default\">\n\t\t\t\t<div class=\"elementor-widget-container\">\n\t\t\t\t\t\t\t\t\t<p data-pm-slice=\"1 1 []\">If you have any questions about this Privacy Policy, please do not hesitate to contact us at <span style=\"text-decoration: underline;\"><a href=\"mailto:info@kapak.es\" target=\"_blank\" rel=\"noopener\">info@kapak.es<\/a><\/span>.<\/p><p>Thank you for your trust in <strong>KAPAK<\/strong>.<\/p>\t\t\t\t\t\t\t\t<\/div>\n\t\t\t\t<\/div>\n\t\t\t\t\t<\/div>\n\t\t\t\t<\/div>\n\t\t\t\t\t<\/div>\n\t\t<\/div>\n\t\t\t\t\t<\/div>\n\t\t<\/section>\n\t\t\t\t<\/div>","protected":false},"excerpt":{"rendered":"<p>Pol\u00edtica de Privacidad En KAPAK, nos tomamos muy en serio la privacidad de nuestros usuarios. Esta Pol\u00edtica de Privacidad explica c\u00f3mo recopilamos, usamos y protegemos la informaci\u00f3n personal que nos proporcionas a trav\u00e9s de nuestro formulario de contacto. Informaci\u00f3n que recopilamos Uso de la informaci\u00f3n Compartici\u00f3n de la informaci\u00f3n Tus derechos Cambios en esta pol\u00edtica [&hellip;]<\/p>\n","protected":false},"author":1,"featured_media":0,"parent":0,"menu_order":0,"comment_status":"closed","ping_status":"closed","template":"elementor_header_footer","meta":{"footnotes":""},"class_list":["post-2806","page","type-page","status-publish","hentry"],"_links":{"self":[{"href":"https:\/\/kapak.es\/en\/wp-json\/wp\/v2\/pages\/2806","targetHints":{"allow":["GET"]}}],"collection":[{"href":"https:\/\/kapak.es\/en\/wp-json\/wp\/v2\/pages"}],"about":[{"href":"https:\/\/kapak.es\/en\/wp-json\/wp\/v2\/types\/page"}],"author":[{"embeddable":true,"href":"https:\/\/kapak.es\/en\/wp-json\/wp\/v2\/users\/1"}],"replies":[{"embeddable":true,"href":"https:\/\/kapak.es\/en\/wp-json\/wp\/v2\/comments?post=2806"}],"version-history":[{"count":17,"href":"https:\/\/kapak.es\/en\/wp-json\/wp\/v2\/pages\/2806\/revisions"}],"predecessor-version":[{"id":2999,"href":"https:\/\/kapak.es\/en\/wp-json\/wp\/v2\/pages\/2806\/revisions\/2999"}],"wp:attachment":[{"href":"https:\/\/kapak.es\/en\/wp-json\/wp\/v2\/media?parent=2806"}],"curies":[{"name":"wp","href":"https:\/\/api.w.org\/{rel}","templated":true}]}}