{"id":2805,"date":"2025-10-30T10:36:24","date_gmt":"2025-10-30T10:36:24","guid":{"rendered":"https:\/\/kapak.es\/?page_id=2805"},"modified":"2025-10-30T10:36:24","modified_gmt":"2025-10-30T10:36:24","slug":"politica-cookies","status":"publish","type":"page","link":"https:\/\/kapak.es\/en\/politica-cookies\/","title":{"rendered":"Politica de cookies"},"content":{"rendered":"<div data-elementor-type=\"wp-page\" data-elementor-id=\"2805\" class=\"elementor elementor-2805\">\n\t\t\t\t\t\t<section class=\"elementor-section elementor-top-section elementor-element elementor-element-3307466 elementor-section-stretched elementor-section-height-min-height elementor-section-items-top elementor-section-boxed elementor-section-height-default\" data-id=\"3307466\" data-element_type=\"section\" data-e-type=\"section\" data-settings=\"{&quot;background_background&quot;:&quot;gradient&quot;,&quot;stretch_section&quot;:&quot;section-stretched&quot;}\">\n\t\t\t\t\t\t\t<div class=\"elementor-background-overlay\"><\/div>\n\t\t\t\t\t\t\t<div class=\"elementor-container elementor-column-gap-default\">\n\t\t\t\t\t<div class=\"elementor-column elementor-col-100 elementor-top-column elementor-element elementor-element-277ea00e\" data-id=\"277ea00e\" data-element_type=\"column\" data-e-type=\"column\">\n\t\t\t<div class=\"elementor-widget-wrap elementor-element-populated\">\n\t\t\t\t<div class=\"elementor-element elementor-element-17ca3149 e-flex e-con-boxed e-con e-parent\" data-id=\"17ca3149\" data-element_type=\"container\" data-e-type=\"container\" data-settings=\"{&quot;background_background&quot;:&quot;classic&quot;}\">\n\t\t\t\t\t<div class=\"e-con-inner\">\n\t\t\t\t<div class=\"elementor-element elementor-element-514f2f9f elementor-widget elementor-widget-heading\" data-id=\"514f2f9f\" data-element_type=\"widget\" data-e-type=\"widget\" data-widget_type=\"heading.default\">\n\t\t\t\t<div class=\"elementor-widget-container\">\n\t\t\t\t\t<h1 class=\"elementor-heading-title elementor-size-default\">Cookie Policy<\/h1>\t\t\t\t<\/div>\n\t\t\t\t<\/div>\n\t\t\t\t<div class=\"elementor-element elementor-element-11ed86c3 elementor-widget elementor-widget-text-editor\" data-id=\"11ed86c3\" data-element_type=\"widget\" data-e-type=\"widget\" data-widget_type=\"text-editor.default\">\n\t\t\t\t<div class=\"elementor-widget-container\">\n\t\t\t\t\t\t\t\t\t<p data-pm-slice=\"1 1 []\">This cookie policy explains how <strong>KAPAK<\/strong> uses cookies and similar technologies to recognise you when you visit our websites at <span style=\"text-decoration: underline;\"><a href=\"https:\/\/kapak.es\/en\/\">kapak.es<\/a><\/span>. Explain what these technologies are and why we use them, as well as your rights to control our use of them.<\/p>\t\t\t\t\t\t\t\t<\/div>\n\t\t\t\t<\/div>\n\t\t\t\t\t<\/div>\n\t\t\t\t<\/div>\n\t\t\t\t<div class=\"elementor-element elementor-element-2584fd20 elementor-tabs-view-vertical elementor-tabs-alignment-center elementor-widget elementor-widget-tabs\" data-id=\"2584fd20\" data-element_type=\"widget\" data-e-type=\"widget\" data-widget_type=\"tabs.default\">\n\t\t\t\t<div class=\"elementor-widget-container\">\n\t\t\t\t\t\t\t<div class=\"elementor-tabs\">\n\t\t\t<div class=\"elementor-tabs-wrapper\" role=\"tablist\" >\n\t\t\t\t\t\t\t\t\t<div id=\"elementor-tab-title-6291\" class=\"elementor-tab-title elementor-tab-desktop-title\" aria-selected=\"true\" data-tab=\"1\" role=\"tab\" tabindex=\"0\" aria-controls=\"elementor-tab-content-6291\" aria-expanded=\"false\">What are cookies?<\/div>\n\t\t\t\t\t\t\t\t\t<div id=\"elementor-tab-title-6292\" class=\"elementor-tab-title elementor-tab-desktop-title\" aria-selected=\"false\" data-tab=\"2\" role=\"tab\" tabindex=\"-1\" aria-controls=\"elementor-tab-content-6292\" aria-expanded=\"false\">What cookies do we use?<\/div>\n\t\t\t\t\t\t\t\t\t<div id=\"elementor-tab-title-6293\" class=\"elementor-tab-title elementor-tab-desktop-title\" aria-selected=\"false\" data-tab=\"3\" role=\"tab\" tabindex=\"-1\" aria-controls=\"elementor-tab-content-6293\" aria-expanded=\"false\">How to adjust cookies?<\/div>\n\t\t\t\t\t\t\t\t\t<div id=\"elementor-tab-title-6294\" class=\"elementor-tab-title elementor-tab-desktop-title\" aria-selected=\"false\" data-tab=\"4\" role=\"tab\" tabindex=\"-1\" aria-controls=\"elementor-tab-content-6294\" aria-expanded=\"false\">Changes to this policy<\/div>\n\t\t\t\t\t\t\t<\/div>\n\t\t\t<div class=\"elementor-tabs-content-wrapper\" role=\"tablist\" aria-orientation=\"vertical\">\n\t\t\t\t\t\t\t\t\t<div class=\"elementor-tab-title elementor-tab-mobile-title\" aria-selected=\"true\" data-tab=\"1\" role=\"tab\" tabindex=\"0\" aria-controls=\"elementor-tab-content-6291\" aria-expanded=\"false\">What are cookies?<\/div>\n\t\t\t\t\t<div id=\"elementor-tab-content-6291\" class=\"elementor-tab-content elementor-clearfix\" data-tab=\"1\" role=\"tabpanel\" aria-labelledby=\"elementor-tab-title-6291\" tabindex=\"0\" hidden=\"false\"><p data-pm-slice=\"1 3 []\">Cookies are small data files that are placed on your computer or mobile device by websites and third party services when you visit them. Cookies are widely used by website owners to make their websites work, or to make them work more efficiently, as well as to provide reporting information.<\/p><\/div>\n\t\t\t\t\t\t\t\t\t<div class=\"elementor-tab-title elementor-tab-mobile-title\" aria-selected=\"false\" data-tab=\"2\" role=\"tab\" tabindex=\"-1\" aria-controls=\"elementor-tab-content-6292\" aria-expanded=\"false\">What cookies do we use?<\/div>\n\t\t\t\t\t<div id=\"elementor-tab-content-6292\" class=\"elementor-tab-content elementor-clearfix\" data-tab=\"2\" role=\"tabpanel\" aria-labelledby=\"elementor-tab-title-6292\" tabindex=\"0\" hidden=\"hidden\"><p><strong>Essential Cookies<\/strong>: Enable the provision of the service requested by the user, such as user identification, user security, load balancing session and user interface customisation.<\/p><p><strong>Analytics cookies<\/strong>: These allow the party responsible for them to monitor and analyse the behaviour of the users of the websites to which they are linked. The information collected through this type of cookie is used to make improvements based on the analysis of the data on the use made by users of the service.<\/p><\/div>\n\t\t\t\t\t\t\t\t\t<div class=\"elementor-tab-title elementor-tab-mobile-title\" aria-selected=\"false\" data-tab=\"3\" role=\"tab\" tabindex=\"-1\" aria-controls=\"elementor-tab-content-6293\" aria-expanded=\"false\">How to adjust cookies?<\/div>\n\t\t\t\t\t<div id=\"elementor-tab-content-6293\" class=\"elementor-tab-content elementor-clearfix\" data-tab=\"3\" role=\"tabpanel\" aria-labelledby=\"elementor-tab-title-6293\" tabindex=\"0\" hidden=\"hidden\"><p data-pm-slice=\"1 3 []\">You have the right to decide whether to accept or reject cookies. You can exercise your cookie preferences by clicking on the appropriate \u2018cookie settings\u2019 links provided in the cookie banner on our website.<\/p>\n<p data-pm-slice=\"1 3 []\">You can also set or modify your web browser controls to accept or reject cookies. As the means by which you can refuse cookies through your web browser controls vary from browser to browser, you should visit your browser's help menu for more information.<\/p><\/div>\n\t\t\t\t\t\t\t\t\t<div class=\"elementor-tab-title elementor-tab-mobile-title\" aria-selected=\"false\" data-tab=\"4\" role=\"tab\" tabindex=\"-1\" aria-controls=\"elementor-tab-content-6294\" aria-expanded=\"false\">Changes to this policy<\/div>\n\t\t\t\t\t<div id=\"elementor-tab-content-6294\" class=\"elementor-tab-content elementor-clearfix\" data-tab=\"4\" role=\"tabpanel\" aria-labelledby=\"elementor-tab-title-6294\" tabindex=\"0\" hidden=\"hidden\"><p data-pm-slice=\"1 1 []\">We reserve the right to modify this Cookie Policy at any time. Any changes will be posted on this page and, if significant, we will notify you by the means available to us.<\/p><\/div>\n\t\t\t\t\t\t\t<\/div>\n\t\t<\/div>\n\t\t\t\t\t\t<\/div>\n\t\t\t\t<\/div>\n\t\t<div class=\"elementor-element elementor-element-6c3a401d e-grid e-con-boxed e-con e-parent\" data-id=\"6c3a401d\" data-element_type=\"container\" data-e-type=\"container\" data-settings=\"{&quot;background_background&quot;:&quot;classic&quot;}\">\n\t\t\t\t\t<div class=\"e-con-inner\">\n\t\t\t\t<div class=\"elementor-element elementor-element-5a1b17af elementor-widget elementor-widget-text-editor\" data-id=\"5a1b17af\" data-element_type=\"widget\" data-e-type=\"widget\" data-widget_type=\"text-editor.default\">\n\t\t\t\t<div class=\"elementor-widget-container\">\n\t\t\t\t\t\t\t\t\t<p data-pm-slice=\"1 1 []\">If you have any questions about this Cookie Policy, please do not hesitate to contact us at <span style=\"text-decoration: underline;\"><a href=\"mailto:info@kapak.es\" target=\"_blank\" rel=\"noopener\">info@kapak.es<\/a><\/span>.<\/p><p>Thank you for your trust in <strong>KAPAK<\/strong>.<\/p>\t\t\t\t\t\t\t\t<\/div>\n\t\t\t\t<\/div>\n\t\t\t\t\t<\/div>\n\t\t\t\t<\/div>\n\t\t\t\t\t<\/div>\n\t\t<\/div>\n\t\t\t\t\t<\/div>\n\t\t<\/section>\n\t\t\t\t<\/div>","protected":false},"excerpt":{"rendered":"<p>Pol\u00edtica de Cookies Esta pol\u00edtica de cookies explica c\u00f3mo KAPAK utiliza cookies y tecnolog\u00edas similares para reconocerte cuando visitas nuestros sitios web en kapak.es. Explica qu\u00e9 son estas tecnolog\u00edas y por qu\u00e9 las usamos, as\u00ed como tus derechos para controlar nuestro uso de ellas. \u00bfQu\u00e9 son las cookies? \u00bfQu\u00e9 cookies utilizamos? \u00bfC\u00f3mo ajustar las cookies? [&hellip;]<\/p>\n","protected":false},"author":1,"featured_media":0,"parent":0,"menu_order":0,"comment_status":"closed","ping_status":"closed","template":"elementor_header_footer","meta":{"footnotes":""},"class_list":["post-2805","page","type-page","status-publish","hentry"],"_links":{"self":[{"href":"https:\/\/kapak.es\/en\/wp-json\/wp\/v2\/pages\/2805","targetHints":{"allow":["GET"]}}],"collection":[{"href":"https:\/\/kapak.es\/en\/wp-json\/wp\/v2\/pages"}],"about":[{"href":"https:\/\/kapak.es\/en\/wp-json\/wp\/v2\/types\/page"}],"author":[{"embeddable":true,"href":"https:\/\/kapak.es\/en\/wp-json\/wp\/v2\/users\/1"}],"replies":[{"embeddable":true,"href":"https:\/\/kapak.es\/en\/wp-json\/wp\/v2\/comments?post=2805"}],"version-history":[{"count":14,"href":"https:\/\/kapak.es\/en\/wp-json\/wp\/v2\/pages\/2805\/revisions"}],"predecessor-version":[{"id":3000,"href":"https:\/\/kapak.es\/en\/wp-json\/wp\/v2\/pages\/2805\/revisions\/3000"}],"wp:attachment":[{"href":"https:\/\/kapak.es\/en\/wp-json\/wp\/v2\/media?parent=2805"}],"curies":[{"name":"wp","href":"https:\/\/api.w.org\/{rel}","templated":true}]}}